{"id":30,"date":"2023-11-21T14:27:50","date_gmt":"2023-11-21T14:27:50","guid":{"rendered":"http:\/\/cookieorbit.com\/?page_id=30"},"modified":"2024-01-18T15:27:27","modified_gmt":"2024-01-18T15:27:27","slug":"cookies","status":"publish","type":"page","link":"https:\/\/cookieorbit.com\/sv\/cookies\/","title":{"rendered":"Cookies"},"content":{"rendered":"\n<h1 class=\"wp-block-heading\">Cookies<\/h1>\n\n\n\n<p>Cookies, \u00e4ven k\u00e4nda som webbl\u00e4sarcookies eller sp\u00e5rningscookies, \u00e4r sm\u00e5, ofta krypterade textfiler som finns i webbl\u00e4sarens kataloger. De anv\u00e4nds av webbutvecklare f\u00f6r att hj\u00e4lpa anv\u00e4ndare att effektivt navigera p\u00e5 deras webbplatser och utf\u00f6ra vissa funktioner.<\/p>\n\n\n\n<p>P\u00e5 grund av deras k\u00e4rnfunktion av att f\u00f6rb\u00e4ttra\/m\u00f6jligg\u00f6ra anv\u00e4ndbarhet eller webbplatsprocesser kan inaktivering av cookies f\u00f6rhindra anv\u00e4ndare fr\u00e5n att anv\u00e4nda vissa webbplatser.<\/p>\n\n\n\n<h2 class=\"wp-block-heading\">Hur skapas cookies och hur fungerar de?<\/h2>\n\n\n\n<p>Cookies skapas n\u00e4r en anv\u00e4ndares webbl\u00e4sare laddar en specifik webbplats. Webbplatsen skickar information till webbl\u00e4saren, som sedan skapar en textfil. Varje g\u00e5ng anv\u00e4ndaren \u00e5terv\u00e4nder till samma webbplats, h\u00e4mtar och skickar webbl\u00e4saren denna fil till webbplatsens server.<\/p>\n\n\n\n<p>Datorcookies skapas inte bara av den webbplats som anv\u00e4ndaren bes\u00f6ker utan \u00e4ven av andra webbplatser som k\u00f6r annonser, widgets eller andra element p\u00e5 den laddade sidan. Dessa cookies reglerar hur annonser visas eller hur widgets och andra element fungerar p\u00e5 sidan.<\/p>\n\n\n\n<h2 class=\"wp-block-heading\">Hantering av cookies och deras anv\u00e4ndningsomr\u00e5den<\/h2>\n\n\n\n<p>Vanliga anv\u00e4ndningsomr\u00e5den f\u00f6r webbl\u00e4sarcookies inkluderar:<\/p>\n\n\n\n<ol class=\"wp-block-list\">\n<li><strong>Autentisering:<\/strong> Webbplatsservrar st\u00e4ller in cookies f\u00f6r att hj\u00e4lpa till att autentisera anv\u00e4ndaren om de loggar in p\u00e5 en s\u00e4ker del av webbplatsen. Inloggningsinformation lagras i en cookie s\u00e5 att anv\u00e4ndaren kan komma in och l\u00e4mna webbplatsen utan att beh\u00f6va ange samma autentiseringsinformation om och om igen.<\/li>\n\n\n\n<li><strong>Sessionshantering:<\/strong> Sessioncookies anv\u00e4nds av servern f\u00f6r att lagra information om anv\u00e4ndarens sidaktiviteter s\u00e5 att anv\u00e4ndare enkelt kan forts\u00e4tta d\u00e4r de slutade p\u00e5 serverns sidor. Detta m\u00f6jligg\u00f6r s\u00f6ml\u00f6s navigering.<\/li>\n\n\n\n<li><strong>Anpassning och best\u00e4llning:<\/strong> Cookies fungerar som bokm\u00e4rken p\u00e5 webbplatsen och kan lagra information som beh\u00f6vs f\u00f6r att g\u00f6ra varukorgar fungera, vilket undviker att anv\u00e4ndaren m\u00e5ste komma ih\u00e5g alla artiklar som lagts i varukorgen.<\/li>\n\n\n\n<li><strong>Varaktiga eller sp\u00e5rningscookies:<\/strong> Anv\u00e4nds f\u00f6r att lagra anv\u00e4ndarpreferenser och m\u00f6jligg\u00f6ra anpassning av webbplatsens utseende och tema.<\/li>\n<\/ol>\n\n\n\n<h3 class=\"wp-block-heading\">S\u00e4kerhet och integritetsfr\u00e5gor<\/h3>\n\n\n\n<p>Cookies \u00e4r inte virus och kan inte utf\u00f6ra sj\u00e4lvreplikerande eller exekverbara funktioner. De kan dock anv\u00e4ndas f\u00f6r att sp\u00e5ra anv\u00e4ndare och agera som en form av spionprogram, vilket har \u00f6kat oro f\u00f6r integriteten. M\u00e5nga webbutvecklare hanterar integritetsfr\u00e5gor genom att inkludera tydliga beskrivningar av hur cookies anv\u00e4nds p\u00e5 deras webbplats i sina integritetspolicys.<\/p>\n\n\n\n<h3 class=\"wp-block-heading\">Lagar kring cookies och anv\u00e4ndarinformation<\/h3>\n\n\n\n<p>Nya lagar f\u00f6r anv\u00e4ndning av cookies och andra tekniker som lagrar anv\u00e4ndarinformation tr\u00e4dde i kraft i Europa den 26 maj 2011. Ist\u00e4llet f\u00f6r alternativet &#8221;Opt out&#8221; f\u00f6r webbplatsbes\u00f6kare m\u00e5ste webbplatser nu f\u00e5 specifikt samtycke fr\u00e5n bes\u00f6karna och de m\u00e5ste &#8221;Opt In&#8221; f\u00f6r att kunna lagra cookies p\u00e5 deras dator eller andra enheter.<\/p>\n\n\n\n<p>Lagen kr\u00e4ver att anv\u00e4ndaren ges tydlig och omfattande information om syftet med lagringen eller \u00e5tkomsten till information och att anv\u00e4ndaren ger sitt samtycke.<\/p>\n\n\n\n<h2 class=\"wp-block-heading\">Tips f\u00f6r s\u00e4ker och ansvarsfull webbl\u00e4sning med cookies<\/h2>\n\n\n\n<ul class=\"wp-block-list\">\n<li>Anpassa webbl\u00e4sarens cookie-inst\u00e4llningar efter din komfortniv\u00e5 eller anv\u00e4nd v\u00e5r guide f\u00f6r att ta bort cookies.<\/li>\n\n\n\n<li>H\u00e5ll din webbl\u00e4sare och antivirusprogram uppdaterade f\u00f6r att f\u00f6rhindra s\u00e4kerhetss\u00e5rbarheter.<\/li>\n\n\n\n<li>Var medveten om mobilcookies och s\u00e4kerhet f\u00f6r att ut\u00f6ka skyddet \u00f6ver olika plattformar.<\/li>\n<\/ul>\n\n\n\n<h2 class=\"wp-block-heading\">F\u00f6rdelar med Cookies f\u00f6r privata anv\u00e4ndare<\/h2>\n\n\n\n<p>Cookies g\u00f6r webbplatser mer anv\u00e4ndarv\u00e4nliga genom att komma ih\u00e5g dina preferenser och tidigare interaktioner. Det g\u00f6r att du inte beh\u00f6ver ange samma information igen och g\u00f6r navigeringen smidigare.<\/p>\n\n\n\n<h3 class=\"wp-block-heading\">Autentisering och Sessioner<\/h3>\n\n\n\n<p>Cookies anv\u00e4nds f\u00f6r att h\u00e5lla dig inloggad p\u00e5 webbplatser och bevara sessionens tillst\u00e5nd. Det inneb\u00e4r att du inte beh\u00f6ver logga in p\u00e5 varje sida och kan forts\u00e4tta d\u00e4r du slutade.<\/p>\n\n\n\n<h3 class=\"wp-block-heading\">Personlig Anpassning<\/h3>\n\n\n\n<p>Genom att spara information om dina preferenser kan cookies g\u00f6ra webbupplevelsen mer personlig. Det kan inkludera anpassade rekommendationer, spr\u00e5kinst\u00e4llningar och teman.<\/p>\n\n\n\n<h3 class=\"wp-block-heading\">E-handel och Korgfunktion<\/h3>\n\n\n\n<p>Cookies m\u00f6jligg\u00f6r att din kundvagn och \u00f6nskelista sparas under ditt bes\u00f6k p\u00e5 e-handelswebbplatser. Det g\u00f6r online-shopping smidigare genom att komma ih\u00e5g dina val.<\/p>\n\n\n\n<h3 class=\"wp-block-heading\">Analys och F\u00f6rb\u00e4ttring<\/h3>\n\n\n\n<p>Webbplats\u00e4gare anv\u00e4nder cookies f\u00f6r att analysera hur anv\u00e4ndare interagerar med deras webbplatser. Denna information anv\u00e4nds f\u00f6r att g\u00f6ra f\u00f6rb\u00e4ttringar och anpassa inneh\u00e5llet efter anv\u00e4ndarnas behov.<\/p>\n\n\n\n<h3 class=\"wp-block-heading\">Effektiv Annonsering<\/h3>\n\n\n\n<p>Cookies anv\u00e4nds f\u00f6r att skr\u00e4ddarsy reklam baserat p\u00e5 dina intressen och beteenden online. Det kan leda till att du ser mer relevanta annonser och mindre st\u00f6rande inneh\u00e5ll.<\/p>\n\n\n\n<h2 class=\"wp-block-heading\">5 snabba fr\u00e5gor och svar om Cookies p\u00e5 n\u00e4tet!<\/h2>\n\n\n\n<div class=\"schema-faq wp-block-yoast-faq-block\"><div class=\"schema-faq-section\" id=\"faq-question-1700576579816\"><strong class=\"schema-faq-question\"><strong>Vad \u00e4r cookies och vad g\u00f6r de?<\/strong><\/strong> <p class=\"schema-faq-answer\">Cookies \u00e4r sm\u00e5 textfiler som lagras p\u00e5 din enhet n\u00e4r du bes\u00f6ker en webbplats. De g\u00f6r olika uppgifter, som att komma ih\u00e5g dina preferenser, spara sessionstillst\u00e5nd och f\u00f6rb\u00e4ttra anv\u00e4ndarupplevelsen.<\/p> <\/div> <div class=\"schema-faq-section\" id=\"faq-question-1700576606248\"><strong class=\"schema-faq-question\"><strong>Varf\u00f6r beh\u00f6ver webbplatser cookies?<\/strong><\/strong> <p class=\"schema-faq-answer\">Webbplatser anv\u00e4nder cookies f\u00f6r att g\u00f6ra det l\u00e4ttare f\u00f6r dig att navigera, komma ih\u00e5g dina inst\u00e4llningar, och f\u00f6rb\u00e4ttra webbplatsens funktionalitet. De st\u00f6der \u00e4ven webbplats\u00e4gare genom att tillhandah\u00e5lla anv\u00e4ndardata f\u00f6r analys.<\/p> <\/div> <div class=\"schema-faq-section\" id=\"faq-question-1700576616031\"><strong class=\"schema-faq-question\"><strong>Kan cookies identifiera mig personligen?<\/strong><\/strong> <p class=\"schema-faq-answer\">Cookies i sig identifierar inte personer direkt. De tilldelar en unik identifikator till din webbl\u00e4sare. \u00c4ven om de inte inneh\u00e5ller personlig information kan de bidra till indirekt identifiering genom att sp\u00e5ra ditt beteende.<\/p> <\/div> <div class=\"schema-faq-section\" id=\"faq-question-1700576629602\"><strong class=\"schema-faq-question\"><strong>\u00c4r cookies s\u00e4kra att anv\u00e4nda?<\/strong><\/strong> <p class=\"schema-faq-answer\">Generellt sett \u00e4r cookies s\u00e4kra. De \u00e4r textfiler och kan inte exekvera program eller \u00f6verf\u00f6ra skadlig kod. Men det \u00e4r viktigt att vara medveten om integritetsrisker, och webbplatser b\u00f6r informera anv\u00e4ndare om hur de anv\u00e4nder cookies.<\/p> <\/div> <div class=\"schema-faq-section\" id=\"faq-question-1700576641581\"><strong class=\"schema-faq-question\"><strong>Kan jag blockera eller ta bort cookies?<\/strong><\/strong> <p class=\"schema-faq-answer\">Ja, du kan hantera cookies genom att \u00e4ndra inst\u00e4llningarna i din webbl\u00e4sare f\u00f6r att blockera eller ta bort dem. Det kan dock p\u00e5verka vissa webbplatsfunktioner. M\u00e5nga webbl\u00e4sare erbjuder \u00e4ven m\u00f6jligheter att selektivt hantera cookies f\u00f6r \u00f6kad kontroll.<\/p> <\/div> <\/div>\n\n\n\n<h2 class=\"wp-block-heading\">Sammanfattning<\/h2>\n\n\n\n<p>Cookies \u00e4r oumb\u00e4rliga f\u00f6r att g\u00f6ra internetupplevelsen enklare, snabbare och mindre komplicerad. Genom att f\u00f6rst\u00e5 hur de fungerar och hur de hj\u00e4lper till i webbl\u00e4<\/p>\n","protected":false},"excerpt":{"rendered":"<p>Cookies Cookies, \u00e4ven k\u00e4nda som webbl\u00e4sarcookies eller sp\u00e5rningscookies, \u00e4r sm\u00e5, ofta krypterade textfiler som finns i webbl\u00e4sarens kataloger. De anv\u00e4nds av webbutvecklare f\u00f6r att hj\u00e4lpa anv\u00e4ndare att effektivt navigera p\u00e5 deras webbplatser och utf\u00f6ra vissa funktioner. P\u00e5 grund av deras k\u00e4rnfunktion av att f\u00f6rb\u00e4ttra\/m\u00f6jligg\u00f6ra anv\u00e4ndbarhet eller webbplatsprocesser kan inaktivering av cookies f\u00f6rhindra anv\u00e4ndare fr\u00e5n att&hellip;&nbsp;<a href=\"https:\/\/cookieorbit.com\/sv\/cookies\/\" rel=\"bookmark\">L\u00e4s mer &raquo;<span class=\"screen-reader-text\">Cookies<\/span><\/a><\/p>\n","protected":false},"author":5,"featured_media":0,"parent":0,"menu_order":0,"comment_status":"closed","ping_status":"closed","template":"","meta":{"neve_meta_sidebar":"","neve_meta_container":"","neve_meta_enable_content_width":"","neve_meta_content_width":0,"neve_meta_title_alignment":"","neve_meta_author_avatar":"","neve_post_elements_order":"","neve_meta_disable_header":"","neve_meta_disable_footer":"","neve_meta_disable_title":"","footnotes":""},"class_list":["post-30","page","type-page","status-publish","hentry"],"yoast_head":"<!-- This site is optimized with the Yoast SEO plugin v27.0 - https:\/\/yoast.com\/product\/yoast-seo-wordpress\/ -->\n<title>Cookies - Cookieorbit.com<\/title>\n<meta name=\"description\" content=\"Allt du beh\u00f6ver veta om cookies och allt det du accepterar n\u00e4r du bes\u00f6ker hemsidor som har cookies.\" \/>\n<meta name=\"robots\" content=\"index, follow, max-snippet:-1, max-image-preview:large, max-video-preview:-1\" \/>\n<link rel=\"canonical\" href=\"https:\/\/cookieorbit.com\/sv\/cookies\/\" \/>\n<meta property=\"og:locale\" content=\"sv_SE\" \/>\n<meta property=\"og:type\" content=\"article\" \/>\n<meta property=\"og:title\" content=\"Cookies - Cookieorbit.com\" \/>\n<meta property=\"og:description\" content=\"Allt du beh\u00f6ver veta om cookies och allt det du accepterar n\u00e4r du bes\u00f6ker hemsidor som har cookies.\" \/>\n<meta property=\"og:url\" content=\"https:\/\/cookieorbit.com\/sv\/cookies\/\" \/>\n<meta property=\"og:site_name\" content=\"Cookieorbit.com\" \/>\n<meta property=\"article:modified_time\" content=\"2024-01-18T15:27:27+00:00\" \/>\n<meta name=\"twitter:card\" content=\"summary_large_image\" \/>\n<meta name=\"twitter:label1\" content=\"Ber\u00e4knad l\u00e4stid\" \/>\n\t<meta name=\"twitter:data1\" content=\"4 minuter\" \/>\n<script type=\"application\/ld+json\" class=\"yoast-schema-graph\">{\"@context\":\"https:\/\/schema.org\",\"@graph\":[{\"@type\":[\"WebPage\",\"FAQPage\"],\"@id\":\"https:\/\/cookieorbit.com\/sv\/cookies\/\",\"url\":\"https:\/\/cookieorbit.com\/sv\/cookies\/\",\"name\":\"Cookies - Cookieorbit.com\",\"isPartOf\":{\"@id\":\"https:\/\/cookieorbit.com\/sv\/#website\"},\"datePublished\":\"2023-11-21T14:27:50+00:00\",\"dateModified\":\"2024-01-18T15:27:27+00:00\",\"description\":\"Allt du beh\u00f6ver veta om cookies och allt det du accepterar n\u00e4r du bes\u00f6ker hemsidor som har cookies.\",\"breadcrumb\":{\"@id\":\"https:\/\/cookieorbit.com\/sv\/cookies\/#breadcrumb\"},\"mainEntity\":[{\"@id\":\"https:\/\/cookieorbit.com\/sv\/cookies\/#faq-question-1700576579816\"},{\"@id\":\"https:\/\/cookieorbit.com\/sv\/cookies\/#faq-question-1700576606248\"},{\"@id\":\"https:\/\/cookieorbit.com\/sv\/cookies\/#faq-question-1700576616031\"},{\"@id\":\"https:\/\/cookieorbit.com\/sv\/cookies\/#faq-question-1700576629602\"},{\"@id\":\"https:\/\/cookieorbit.com\/sv\/cookies\/#faq-question-1700576641581\"}],\"inLanguage\":\"sv-SE\",\"potentialAction\":[{\"@type\":\"ReadAction\",\"target\":[\"https:\/\/cookieorbit.com\/sv\/cookies\/\"]}]},{\"@type\":\"BreadcrumbList\",\"@id\":\"https:\/\/cookieorbit.com\/sv\/cookies\/#breadcrumb\",\"itemListElement\":[{\"@type\":\"ListItem\",\"position\":1,\"name\":\"Cookieorbit\",\"item\":\"https:\/\/cookieorbit.com\/sv\/\"},{\"@type\":\"ListItem\",\"position\":2,\"name\":\"Cookies\"}]},{\"@type\":\"WebSite\",\"@id\":\"https:\/\/cookieorbit.com\/sv\/#website\",\"url\":\"https:\/\/cookieorbit.com\/sv\/\",\"name\":\"Cookieorbit.com\",\"description\":\"Orbit the web or get stuck in it!\",\"potentialAction\":[{\"@type\":\"SearchAction\",\"target\":{\"@type\":\"EntryPoint\",\"urlTemplate\":\"https:\/\/cookieorbit.com\/sv\/?s={search_term_string}\"},\"query-input\":{\"@type\":\"PropertyValueSpecification\",\"valueRequired\":true,\"valueName\":\"search_term_string\"}}],\"inLanguage\":\"sv-SE\"},{\"@type\":\"Question\",\"@id\":\"https:\/\/cookieorbit.com\/sv\/cookies\/#faq-question-1700576579816\",\"position\":1,\"url\":\"https:\/\/cookieorbit.com\/sv\/cookies\/#faq-question-1700576579816\",\"name\":\"Vad \u00e4r cookies och vad g\u00f6r de?\",\"answerCount\":1,\"acceptedAnswer\":{\"@type\":\"Answer\",\"text\":\"Cookies \u00e4r sm\u00e5 textfiler som lagras p\u00e5 din enhet n\u00e4r du bes\u00f6ker en webbplats. De g\u00f6r olika uppgifter, som att komma ih\u00e5g dina preferenser, spara sessionstillst\u00e5nd och f\u00f6rb\u00e4ttra anv\u00e4ndarupplevelsen.\",\"inLanguage\":\"sv-SE\"},\"inLanguage\":\"sv-SE\"},{\"@type\":\"Question\",\"@id\":\"https:\/\/cookieorbit.com\/sv\/cookies\/#faq-question-1700576606248\",\"position\":2,\"url\":\"https:\/\/cookieorbit.com\/sv\/cookies\/#faq-question-1700576606248\",\"name\":\"Varf\u00f6r beh\u00f6ver webbplatser cookies?\",\"answerCount\":1,\"acceptedAnswer\":{\"@type\":\"Answer\",\"text\":\"Webbplatser anv\u00e4nder cookies f\u00f6r att g\u00f6ra det l\u00e4ttare f\u00f6r dig att navigera, komma ih\u00e5g dina inst\u00e4llningar, och f\u00f6rb\u00e4ttra webbplatsens funktionalitet. De st\u00f6der \u00e4ven webbplats\u00e4gare genom att tillhandah\u00e5lla anv\u00e4ndardata f\u00f6r analys.\",\"inLanguage\":\"sv-SE\"},\"inLanguage\":\"sv-SE\"},{\"@type\":\"Question\",\"@id\":\"https:\/\/cookieorbit.com\/sv\/cookies\/#faq-question-1700576616031\",\"position\":3,\"url\":\"https:\/\/cookieorbit.com\/sv\/cookies\/#faq-question-1700576616031\",\"name\":\"Kan cookies identifiera mig personligen?\",\"answerCount\":1,\"acceptedAnswer\":{\"@type\":\"Answer\",\"text\":\"Cookies i sig identifierar inte personer direkt. De tilldelar en unik identifikator till din webbl\u00e4sare. \u00c4ven om de inte inneh\u00e5ller personlig information kan de bidra till indirekt identifiering genom att sp\u00e5ra ditt beteende.\",\"inLanguage\":\"sv-SE\"},\"inLanguage\":\"sv-SE\"},{\"@type\":\"Question\",\"@id\":\"https:\/\/cookieorbit.com\/sv\/cookies\/#faq-question-1700576629602\",\"position\":4,\"url\":\"https:\/\/cookieorbit.com\/sv\/cookies\/#faq-question-1700576629602\",\"name\":\"\u00c4r cookies s\u00e4kra att anv\u00e4nda?\",\"answerCount\":1,\"acceptedAnswer\":{\"@type\":\"Answer\",\"text\":\"Generellt sett \u00e4r cookies s\u00e4kra. De \u00e4r textfiler och kan inte exekvera program eller \u00f6verf\u00f6ra skadlig kod. Men det \u00e4r viktigt att vara medveten om integritetsrisker, och webbplatser b\u00f6r informera anv\u00e4ndare om hur de anv\u00e4nder cookies.\",\"inLanguage\":\"sv-SE\"},\"inLanguage\":\"sv-SE\"},{\"@type\":\"Question\",\"@id\":\"https:\/\/cookieorbit.com\/sv\/cookies\/#faq-question-1700576641581\",\"position\":5,\"url\":\"https:\/\/cookieorbit.com\/sv\/cookies\/#faq-question-1700576641581\",\"name\":\"Kan jag blockera eller ta bort cookies?\",\"answerCount\":1,\"acceptedAnswer\":{\"@type\":\"Answer\",\"text\":\"Ja, du kan hantera cookies genom att \u00e4ndra inst\u00e4llningarna i din webbl\u00e4sare f\u00f6r att blockera eller ta bort dem. Det kan dock p\u00e5verka vissa webbplatsfunktioner. M\u00e5nga webbl\u00e4sare erbjuder \u00e4ven m\u00f6jligheter att selektivt hantera cookies f\u00f6r \u00f6kad kontroll.\",\"inLanguage\":\"sv-SE\"},\"inLanguage\":\"sv-SE\"}]}<\/script>\n<!-- \/ Yoast SEO plugin. -->","yoast_head_json":{"title":"Cookies - Cookieorbit.com","description":"Allt du beh\u00f6ver veta om cookies och allt det du accepterar n\u00e4r du bes\u00f6ker hemsidor som har cookies.","robots":{"index":"index","follow":"follow","max-snippet":"max-snippet:-1","max-image-preview":"max-image-preview:large","max-video-preview":"max-video-preview:-1"},"canonical":"https:\/\/cookieorbit.com\/sv\/cookies\/","og_locale":"sv_SE","og_type":"article","og_title":"Cookies - Cookieorbit.com","og_description":"Allt du beh\u00f6ver veta om cookies och allt det du accepterar n\u00e4r du bes\u00f6ker hemsidor som har cookies.","og_url":"https:\/\/cookieorbit.com\/sv\/cookies\/","og_site_name":"Cookieorbit.com","article_modified_time":"2024-01-18T15:27:27+00:00","twitter_card":"summary_large_image","twitter_misc":{"Ber\u00e4knad l\u00e4stid":"4 minuter"},"schema":{"@context":"https:\/\/schema.org","@graph":[{"@type":["WebPage","FAQPage"],"@id":"https:\/\/cookieorbit.com\/sv\/cookies\/","url":"https:\/\/cookieorbit.com\/sv\/cookies\/","name":"Cookies - Cookieorbit.com","isPartOf":{"@id":"https:\/\/cookieorbit.com\/sv\/#website"},"datePublished":"2023-11-21T14:27:50+00:00","dateModified":"2024-01-18T15:27:27+00:00","description":"Allt du beh\u00f6ver veta om cookies och allt det du accepterar n\u00e4r du bes\u00f6ker hemsidor som har cookies.","breadcrumb":{"@id":"https:\/\/cookieorbit.com\/sv\/cookies\/#breadcrumb"},"mainEntity":[{"@id":"https:\/\/cookieorbit.com\/sv\/cookies\/#faq-question-1700576579816"},{"@id":"https:\/\/cookieorbit.com\/sv\/cookies\/#faq-question-1700576606248"},{"@id":"https:\/\/cookieorbit.com\/sv\/cookies\/#faq-question-1700576616031"},{"@id":"https:\/\/cookieorbit.com\/sv\/cookies\/#faq-question-1700576629602"},{"@id":"https:\/\/cookieorbit.com\/sv\/cookies\/#faq-question-1700576641581"}],"inLanguage":"sv-SE","potentialAction":[{"@type":"ReadAction","target":["https:\/\/cookieorbit.com\/sv\/cookies\/"]}]},{"@type":"BreadcrumbList","@id":"https:\/\/cookieorbit.com\/sv\/cookies\/#breadcrumb","itemListElement":[{"@type":"ListItem","position":1,"name":"Cookieorbit","item":"https:\/\/cookieorbit.com\/sv\/"},{"@type":"ListItem","position":2,"name":"Cookies"}]},{"@type":"WebSite","@id":"https:\/\/cookieorbit.com\/sv\/#website","url":"https:\/\/cookieorbit.com\/sv\/","name":"Cookieorbit.com","description":"Orbit the web or get stuck in it!","potentialAction":[{"@type":"SearchAction","target":{"@type":"EntryPoint","urlTemplate":"https:\/\/cookieorbit.com\/sv\/?s={search_term_string}"},"query-input":{"@type":"PropertyValueSpecification","valueRequired":true,"valueName":"search_term_string"}}],"inLanguage":"sv-SE"},{"@type":"Question","@id":"https:\/\/cookieorbit.com\/sv\/cookies\/#faq-question-1700576579816","position":1,"url":"https:\/\/cookieorbit.com\/sv\/cookies\/#faq-question-1700576579816","name":"Vad \u00e4r cookies och vad g\u00f6r de?","answerCount":1,"acceptedAnswer":{"@type":"Answer","text":"Cookies \u00e4r sm\u00e5 textfiler som lagras p\u00e5 din enhet n\u00e4r du bes\u00f6ker en webbplats. De g\u00f6r olika uppgifter, som att komma ih\u00e5g dina preferenser, spara sessionstillst\u00e5nd och f\u00f6rb\u00e4ttra anv\u00e4ndarupplevelsen.","inLanguage":"sv-SE"},"inLanguage":"sv-SE"},{"@type":"Question","@id":"https:\/\/cookieorbit.com\/sv\/cookies\/#faq-question-1700576606248","position":2,"url":"https:\/\/cookieorbit.com\/sv\/cookies\/#faq-question-1700576606248","name":"Varf\u00f6r beh\u00f6ver webbplatser cookies?","answerCount":1,"acceptedAnswer":{"@type":"Answer","text":"Webbplatser anv\u00e4nder cookies f\u00f6r att g\u00f6ra det l\u00e4ttare f\u00f6r dig att navigera, komma ih\u00e5g dina inst\u00e4llningar, och f\u00f6rb\u00e4ttra webbplatsens funktionalitet. De st\u00f6der \u00e4ven webbplats\u00e4gare genom att tillhandah\u00e5lla anv\u00e4ndardata f\u00f6r analys.","inLanguage":"sv-SE"},"inLanguage":"sv-SE"},{"@type":"Question","@id":"https:\/\/cookieorbit.com\/sv\/cookies\/#faq-question-1700576616031","position":3,"url":"https:\/\/cookieorbit.com\/sv\/cookies\/#faq-question-1700576616031","name":"Kan cookies identifiera mig personligen?","answerCount":1,"acceptedAnswer":{"@type":"Answer","text":"Cookies i sig identifierar inte personer direkt. De tilldelar en unik identifikator till din webbl\u00e4sare. \u00c4ven om de inte inneh\u00e5ller personlig information kan de bidra till indirekt identifiering genom att sp\u00e5ra ditt beteende.","inLanguage":"sv-SE"},"inLanguage":"sv-SE"},{"@type":"Question","@id":"https:\/\/cookieorbit.com\/sv\/cookies\/#faq-question-1700576629602","position":4,"url":"https:\/\/cookieorbit.com\/sv\/cookies\/#faq-question-1700576629602","name":"\u00c4r cookies s\u00e4kra att anv\u00e4nda?","answerCount":1,"acceptedAnswer":{"@type":"Answer","text":"Generellt sett \u00e4r cookies s\u00e4kra. De \u00e4r textfiler och kan inte exekvera program eller \u00f6verf\u00f6ra skadlig kod. Men det \u00e4r viktigt att vara medveten om integritetsrisker, och webbplatser b\u00f6r informera anv\u00e4ndare om hur de anv\u00e4nder cookies.","inLanguage":"sv-SE"},"inLanguage":"sv-SE"},{"@type":"Question","@id":"https:\/\/cookieorbit.com\/sv\/cookies\/#faq-question-1700576641581","position":5,"url":"https:\/\/cookieorbit.com\/sv\/cookies\/#faq-question-1700576641581","name":"Kan jag blockera eller ta bort cookies?","answerCount":1,"acceptedAnswer":{"@type":"Answer","text":"Ja, du kan hantera cookies genom att \u00e4ndra inst\u00e4llningarna i din webbl\u00e4sare f\u00f6r att blockera eller ta bort dem. Det kan dock p\u00e5verka vissa webbplatsfunktioner. M\u00e5nga webbl\u00e4sare erbjuder \u00e4ven m\u00f6jligheter att selektivt hantera cookies f\u00f6r \u00f6kad kontroll.","inLanguage":"sv-SE"},"inLanguage":"sv-SE"}]}},"_links":{"self":[{"href":"https:\/\/cookieorbit.com\/sv\/wp-json\/wp\/v2\/pages\/30","targetHints":{"allow":["GET"]}}],"collection":[{"href":"https:\/\/cookieorbit.com\/sv\/wp-json\/wp\/v2\/pages"}],"about":[{"href":"https:\/\/cookieorbit.com\/sv\/wp-json\/wp\/v2\/types\/page"}],"author":[{"embeddable":true,"href":"https:\/\/cookieorbit.com\/sv\/wp-json\/wp\/v2\/users\/5"}],"replies":[{"embeddable":true,"href":"https:\/\/cookieorbit.com\/sv\/wp-json\/wp\/v2\/comments?post=30"}],"version-history":[{"count":5,"href":"https:\/\/cookieorbit.com\/sv\/wp-json\/wp\/v2\/pages\/30\/revisions"}],"predecessor-version":[{"id":159,"href":"https:\/\/cookieorbit.com\/sv\/wp-json\/wp\/v2\/pages\/30\/revisions\/159"}],"wp:attachment":[{"href":"https:\/\/cookieorbit.com\/sv\/wp-json\/wp\/v2\/media?parent=30"}],"curies":[{"name":"wp","href":"https:\/\/api.w.org\/{rel}","templated":true}]}}